{"id":441,"date":"0001-01-01T00:53:28","date_gmt":"0001-01-01T00:00:00","guid":{"rendered":"https:\/\/geissler-legal.de\/home\/"},"modified":"2026-04-08T11:05:35","modified_gmt":"2026-04-08T09:05:35","slug":"home","status":"publish","type":"page","link":"https:\/\/geissler-legal.de\/it\/","title":{"rendered":"casa"},"content":{"rendered":"","protected":false},"excerpt":{"rendered":"","protected":false},"author":1,"featured_media":361,"parent":0,"menu_order":0,"comment_status":"closed","ping_status":"closed","template":"","meta":{"_acf_changed":false,"inline_featured_image":false,"footnotes":""},"class_list":["post-441","page","type-page","status-publish","has-post-thumbnail","hentry"],"acf":{"header_address.Content":"","header_opening_hours.Content":"","header_phone_number.Content":"","child_entity.Value":"","001_page_meta.page_image10.Id":11,"001_page_meta.page_image9.Id":11,"001_page_meta.page_image8.Id":11,"001_page_meta.page_image7.Id":11,"001_page_meta.page_image6.Id":11,"001_page_meta.page_image5.Id":11,"001_page_meta.page_image4.Id":11,"001_page_meta.page_image3.Id":11,"001_page_meta.page_image2.Id":11,"001_page_meta.page_image1.Id":11,"0001_website_meta.site_logo.Id":5441,"galleries_enabled.Value":"true","multi_language_maps_enabled.Value":"false","001_page_meta.featured_image_mobile.Id":361,"001_page_meta.featured_image.Id":362,"001_page_meta.content_image_3.Id":"","001_page_meta.content_image_2.Id":"","001_page_meta.content_image_1.Id":"","parent_entity.Value":"","type_entity.Value":"","0001_website_meta.site_logo_inverted.Id":null,"02_hero_content.hero_image3.Id":66702,"02_hero_content.image_hero_content3.Id":"","02_hero_content.image_hero_content2.Id":"","02_hero_content.image_hero_content1.Id":"","heading_hero_benefit3.Content":"","heading_hero_benefit2.Content":"","heading_hero_benefit1.Content":"","heading_hero_slider.Content":"","02_hero_content.hero_image8.Id":"","02_hero_content.hero_image7.Id":"","02_hero_content.hero_image6.Id":"","02_hero_content.hero_image5.Id":"","02_hero_content.hero_image4.Id":11,"top_heading_hero.Content":"Gei\u00dfler Legal - Kanzlei f\u00fcr Compliance & Internationales Wirtschaftsrecht","02_hero_content.hero_image2.Id":362,"02_hero_content.hero_image1.Id":155669,"hero_content_form_benefit2.Content":"","hero_content_form_benefit1.Content":"","hero_content_form_benefit3.Content":"","hero_content_form.Value":"","hero_gallery_enabled.Value":"false","main_heading_hero_cta.Value":"\/kontakt","main_heading_hero_cta.Attribute":"Kontakt","sub_heading_hero.Content":"Compliance optimierte Rechtsberatung f\u00fcr Ihre Gesch\u00e4ftst\u00e4tigkeit - ganzheitlich, l\u00e4nder\u00fcbergreifend, kosteneffizient<span style=\"color: #192537\">.<\/span>","main_heading_hero.Content":"Rechtsanwalt \nf\u00fcr Compliance & Internationales Wirtschaftsrecht","subheading_contact_form.Content":"Ihre Kanzlei Gei\u00dfler Legal. Immer f&uuml;r Sie da","contact_area_contact_form_phone_text.Content":"","contact_area_contact_form_name_text.Content":"","contact_area_contact_form_message_text.Content":"","contact_area_contact_form_mail_text.Content":"","contact_area_contact_form_button_text.Content":"","contact_form.Value":"1","contact_address.Content":"<div>Gertrudenstr. 30-36 (Willy-Millowitsch-Platz)<\/div>\r\n<div>50667 K\u00f6ln<\/div>","opening_hours.Content":"Nach pers\u00f6nlicher Vereinbarung","map.Value":"","heading_contact_form.Content":"Kontakt","telephone.Value":"tel:\/\/+4922165076006","e-mail.Value":"mailto:geissler@legaltrinity.de","e-mail.Attribute":"geissler@legaltrinity.de","calendly_enabled.Value":"false","contact_image_enabled.Value":"","contact_maps_enabled.Value":"","calendly_url.Value":"","calendly_url.Attribute":"","online_form_name.Content":"","online_form_source.Value":"","testimonial3_customer.Content":"","04_social_proof.testimonial1_image.Id":"","04_social_proof.testimonial2_image.Id":"","04_social_proof.testimonial3_image.Id":"","04_social_proof.google_places_review_image.Id":358,"04_social_proof.social_proof_background_image.Id":357,"heading_social_proof.Content":"Mit Resultaten \u00fcberzeugen","google_places_id2.Value":"","google_places_id.Value":"ChIJIWZqppDhvkcRh3ZdKMxFlhE","testimonial1_customer.Content":"","testimonial1_text.Content":"","testimonial2_customer.Content":"","testimonial3_text.Content":"","testimonial2_text.Content":"","custom_reviews_enabled.Value":"false","anwalt_de_widgetcode.Value":"","anwalt_de_enabled.Value":"false","google_places_enabled.Value":"true","google_places_reviews_enabled2.Value":"","google_places_reviews_enabled.Value":"false","google_places_review_url2.Value":"","subheading_social_proof.Content":"F&uuml;r Gei\u00dfler Legal steht die Mandantenzufriedenheit an erster Stelle","google_places_review_url.Value":"https:\/\/search.google.com\/local\/writereview?placeid=ChIJIWZqppDhvkcRh3ZdKMxFlhE","social_proof_enabled.Value":"true","social_proof_disclaimer.Content":"Bewertungen sind f\u00fcr uns sehr wichtig. Sie geben uns Feedback \u00fcber unsere t\u00e4glichen Anstrengungen. Besonders freuen wir uns nat\u00fcrlich \u00fcber 5 Sterne. Kunden haben die M\u00f6glichkeit die Kanzlei auf Google oder anderen Plattformen zu bewerten. Eine \u00dcberpr\u00fcfung der Bewertungen durch uns im Hinblick darauf, ob die Bewertung von einem Mandanten stammt, findet vor der Ver\u00f6ffentlichung nicht statt.","benefit_1_text.Content":"<p><span>Zwei tragende S\u00e4ulen f\u00fcr nachhaltiges Wachstum und untermehmerische Sicherheit:<\/span><\/p>\n<ul>\n<li><span>Implementierung von nachhaltigen und strategisch wichtigen Compliance-Themen\u00a0<\/span><\/li>\n<li><span>Vertretung von Arbeitgebern und F\u00fchrungskr\u00e4ften in Compliance-Verfahren<\/span><\/li>\n<li><span>Ombudsmann, Interims Counsel oder Projektjurist<\/span><\/li>\n<li><span>Day2Day-Business Legal-Advisory<\/span><\/li>\n<li><span>L\u00e4nder-Cluster individualisierte L\u00f6sungen im Wirtschaftsraum D-A-CH<\/span><\/li>\n<li><span>Verhaltenskodizes, Policies und Richtlinien nach internationalem Standard<\/span><\/li>\n<li><span>Vertragsgestaltung, Vertragsverhandlung, Vertragspr\u00fcfung und AGB\u2019s<\/span><\/li>\n<li><span>Corporate-Compliance Schulungen, Legal-Guidelines, Verhandlungstrainings<\/span><\/li>\n<\/ul>","05a_benefit_area.benefit_3_image.Id":"","05a_benefit_area.benefit_2_image.Id":"","05a_benefit_area.benefit_1_image.Id":"","05a_benefit_area_enabled.Value":"true","benefit_heading_enabled.value":"false","benefit_heading.Content":"","benefit_3_text.Content":"<div>\n<p><span>Meine Arbeitsweise tr\u00e4gt die Handschrift nach dem KISS-Prinzips: keep it smart &amp; simple oder: so viel wie n\u00f6tig, so wenig wie m\u00f6glich. Mein an meinem CV angelehnter USP lautet daher:<\/span><\/p>\n<ul>\n<li><span>Out of the Box: \u00fcber den Tellerrand hinaus und unkonventionell im juristischen Denken<\/span><\/li>\n<li><span>Cross-country: grenz\u00fcberschreitend und im Gesamtkontext<\/span><\/li>\n<li><span>Cost-efficient: umsetzungsorientiert und dabei kosteneffizient<\/span><\/li>\n<\/ul>\n<p><span>Mit der Schnittstellenkompetenz aus Legal &amp; Compliance zu Ihren Diensten - p<\/span><span>ers\u00f6nliche und l\u00f6sungsorientierte Beratung aus einer Hand mit einem leistungsstarken internationalen Netzwerk aus Tax &amp; Finance.<\/span><\/p>\n<\/div>","benefit_3_heading.Content":"Mit dem KISS-Prinzip","benefit_3_icon.Id":"","benefit_2_text.Content":"<p><span>zu Ihren Diensten - ob pr\u00e4ventiv, strategisch oder in Krisenzeiten:<\/span><\/p>\n<p><span>Das Konzept eines Compliance basierten Wirtschaftsrechts speziell geeignet f\u00fcr:<\/span><\/p>\n<ul>\n<li><span>mittelst\u00e4ndige Unternehmen und KMU<\/span><\/li>\n<li><span>Deutsche &amp; Europ\u00e4ische Tochtergesellschaften (European Subs)<\/span><\/li>\n<li><span>Gesch\u00e4ftsf\u00fchrer, F\u00fchrungskr\u00e4fte, HR-Manager, Inhouse-Counsel<\/span><\/li>\n<li><span>Ausl\u00e4ndische Unternehmen f\u00fcr Markteintritt in D-A-CH oder Italy (Italian Desk)<\/span><\/li>\n<li><span>Gewerbetreibende, Freiberufler und Selbstst\u00e4ndige<\/span><\/li>\n<li><span>Social-Media, K\u00fcnstlermanagements, Model- und Eventagenturen, Influencer, Musiker und K\u00fcnstler<\/span><\/li>\n<\/ul>","benefit_2_heading.Content":"F\u00fcr Unternehmen & Unternehmer","benefit_2_icon.Id":"","benefit_1_icon.Id":"","benefit_1_heading.Content":"Legal & Compliance","benefit_1_widgetcode.Content":"","benefit_2_widgetcode.Content":"","benefit_3_widgetcode.Content":"","intro_heading.Content":"Herzlich Willkommen bei Gei\u00dfler Legal. Compliance- und Rechtsberatung aus einer Hand.","intro_text.Content":"<p>\u00a0<\/p>\n<p><strong>Drei Blickwinkel, ein Berater.<\/strong> Als zertifizierter Compliance Officer, fr\u00fcherer Unternehmensjurist und Wirtschaftsanwalt im Ausland finden Sie bei mir L\u00f6sungen im Wirtschaftsrecht - von A wie Arbeitsrecht \u00fcber M wie Medienrecht bis W wie Wettbewerbsrecht. Daneben unterst\u00fctze ich Unternehmen in der DACH-Region bei der Implementierung von Compliance Strukturen und vertrete F\u00fchrungskr\u00e4fte im Falle interner Ermittlungen wegen Non-Compliance. T\u00e4tigkeiten als Projektjurist, Interims Counsel oder Legal-on-demand runden mein Beratungsangebot ab.<\/p>","intro_gallery_enabled.Value":"false","05a_content_intro_enabled.Value":"true","overview_heading.Content":"","overview_text.Content":"","overview_cta_lead_in.Content":"","overview_cta.Attribute":"","overview_cta.Value":"","05b_content_overview_enabled.Value":"true","detail_heading_opt2.Content":"","05c_content_detail.image_product5.Id":"","detail_text_opt2.Content":"","detail_call_to_action_enabled.Value":"false","detail_slider_enabled.Value":"false","detail_heading.Content":"","detail_text.Content":"","detail_cta_lead_in.Content":"","detail_cta.Attribute":"","detail_cta.Value":"","detail_heading_opt1.Content":"","detail_text_opt1.Content":"","detail_cta_lead_in_opt1.Content":"","detail_cta_opt1.Attribute":"","detail_cta_opt1.Value":"","05c_content_detail.image_person_slider3.Id":"","05c_content_detail_enabled.Value":"true","detail_cta_lead_in_opt2.Content":"","detail_cta_opt2.Attribute":"","detail_cta_opt2.Value":"","detail_heading_opt3.Content":"","detail_text_opt3.Content":"","detail_cta_lead_in_opt3.Content":"","05c_content_detail.image_product1.Id":"","detail_cta_opt3.Attribute":"","05c_content_detail.image_product2.Id":"","detail_cta_opt3.Value":"","05c_content_detail.image_product3.Id":"","detail_heading_opt4.Content":"","05c_content_detail.image_product4.Id":"","detail_cta_opt6.Attribute":"","detail_cta_lead_in_opt4.Content":"","detail_cta_opt4.Attribute":"","05c_content_detail.image_product6.Id":"","05c_content_detail.image_product7.Id":"","detail_cta_opt4.Value":"","05c_content_detail.image_product8.Id":"","05c_content_detail.image_product9.Id":"","detail_heading_opt5.Content":"","detail_text_opt5.Content":"","detail_cta_lead_in_opt5.Content":"","detail_cta_opt5.Attribute":"","detail_cta_opt5.Value":"","detail_heading_opt6.Content":"","detail_text_opt6.Content":"","detail_cta_opt6.Value":"","detail_text_opt4.Content":"","05c_content_detail.image_staff_1.Id":"","05c_content_detail.image_staff_2.Id":"","05c_content_detail.image_staff_3.Id":"","05c_content_detail.image_staff_4.Id":"","05c_content_detail.image_staff_5.Id":"","05c_content_detail.image_staff_6.Id":"","05c_content_detail.image_person_slider1.Id":"","05c_content_detail.image_office.Id":"","detail_cta_lead_in_opt6.Content":"","05c_content_detail.image_person_slider4.Id":"","05c_content_detail.image_person.Id":"","05c_content_detail.image_person_slider2.Id":"","competence_heading.Content":"","competence_text.Content":"","competence_cta_lead_in.Content":"","competence_cta.Attribute":"","competence_cta.Value":"","05d_content_competence_enabled.Value":"true","05d_content_competence.competence_image1.Id":"","05d_content_competence.competence_image2.Id":"","services_heading.Content":"","services_text.Content":"","services_cta_lead_in.Content":"","services_cta.Attribute":"","services_cta.Value":"","05e_content_services_enabled.Value":"true","faq_heading.Content":"","question2.Content":"","question3.Content":"","question4.Content":"","question5.Content":"","question6.Content":"","question7.Content":"","question8.Content":"","question9.Content":"","question10.Content":"","question1.Content":"","answer10.Content":"","answer3.Content":"","answer4.Content":"","answer5.Content":"","answer6.Content":"","answer7.Content":"","answer8.Content":"","answer9.Content":"","answer1.Content":"","answer2.Content":"","05f_questions_and_answers_enabled.Value":"true","seoarea1heading.Content":"Compliance-basiertes Wirtschaftsrecht f\u00fcr internationale Unternehmen","seoarea1text.Content":"<div>\n<p><span>Mittelst\u00e4ndische Unternehmen (KMU), die international expandieren m\u00f6chten, stehen vor speziellen Herausforderungen. Insbesondere bei der Expansion in M\u00e4rkte wie den BeNeLux-Staaten und EMEA oder bei der Integration von Tochtergesellschaften in Deutschland, \u00d6sterreich und der Schweiz ist gezielte Beratung entscheidend.<\/span><\/p>\n<p><span>F\u00fcr Unternehmen aus dem Ausland, die in Deutschland Fu\u00df fassen wollen, ist lokale Expertise unerl\u00e4sslich, um regulatorische H\u00fcrden zu \u00fcberwinden und Gesch\u00e4ftsbeziehungen aufzubauen. Auch deutsche Firmen, die international agieren m\u00f6chten, ben\u00f6tigen ma\u00dfgeschneiderte Unterst\u00fctzung, um ihre Tochtergesellschaften erfolgreich zu f\u00fchren und den globalen Anforderungen gerecht zu werden.<\/span><\/p>\n<p><span>In Zeiten wirtschaftlicher Unsicherheit und ver\u00e4nderter Marktbedingungen ist professionelle Beratung der Schl\u00fcssel zum Erfolg auf internationalen M\u00e4rkten. Vertrauen Sie auf spezialisierte Unterst\u00fctzung, um Ihre Expansionsziele effektiv und dabei effizient umzusetzen<\/span><\/p>\n<\/div>","seoarea2heading.Content":"Rechtliche Rundum-Betreuung f\u00fcr Akteure von Social-Media","seoarea2text.Content":"<p><span>Sind Sie als K\u00fcnstler, Manager, Influencer oder Eventveranstalter? Unser Experten-Team bietet Ihnen umfassende rechtliche Unterst\u00fctzung - von Vertragsrecht \u00fcber Verg\u00fctungs- und Haftungsfragen bis zur rechtlichen Absicherung Ihrer Urheber und IP-Rechte.\u00a0<\/span><\/p>\n<p><span>\u00a0<\/span><span>F\u00fcr Freiberufler und Selbstst\u00e4ndige wie \u00c4rzte, Apotheker und Gewerbetreibende bieten wir ma\u00dfgeschneiderte Beratung zu Forderungsmanagement und Vertragsrecht sowie Mietrecht und Arbeitsrecht. Wir helfen Ihnen, berufsspezifische Risiken effektiv zu managen und rechtliche Herausforderungen zu meistern.<\/span><\/p>\n<p><span>\u00a0<\/span><span>Profitieren Sie von unserer Erfahrung und lassen Sie sich professionell beraten. Kontaktieren Sie uns f\u00fcr ma\u00dfgeschneiderte L\u00f6sungen und sichern Sie sich eine rechtlich sichere Grundlage f\u00fcr Ihren Erfolg.<\/span><\/p>","seoarea3heading.Content":"Ihr Partner f\u00fcr Legal Outsourcing und Compliance-Management","seoarea3text.Content":"<div>\n<p><span>Optimieren Sie Ihre rechtlichen Prozesse und Compliance-Anforderungen mit ma\u00dfgeschneiderten Dienstleistungen:<\/span><\/p>\n<ul>\n<li><span><strong>Legal &amp; Compliance Outsourcing<\/strong>:<\/span><span> Delegieren Sie Aufgaben wie Compliance Officer, Datenschutzbeauftragter oder Ombudsmann an mich und profitieren Sie von flexibler, effektiver und kosteneffizienter Unterst\u00fctzung.<br><br><\/span><\/li>\n<li><strong>Day2Day Legal &amp; Compliance Advisory:<\/strong><span> Erhalten Sie international versierte und punktgenaue Beratung im Tagesgesch\u00e4ft f\u00fcr Ihre L\u00e4nder-Cluster DACH oder EMEA zu einem attraktiven Stundensatz.<br><br><\/span><\/li>\n<li><strong>Rechtsgutachten als Entscheidungsgrundlagen:<\/strong><span> Pr\u00e4zise Gutachten im nationalen wie internationalen Wirtschaftsrecht sind unverzichtbare Grundlage risikobasierter und richtungsweisender Entscheidungen f\u00fcr die Sicherheit und den Erfolg Ihrer Unternehmung.<br><br><\/span><\/li>\n<li><strong>Verhandlungsberatung und Bef\u00e4higung Ihrer Mitarbeiter durch ma\u00dfgeschneiderte Verhandlungstrainings:<\/strong><span> Erfahrene Unterst\u00fctzung bei internationalen Verhandlungen als Ghost-Negotiator oder als Rechtsverhandler, der Ihre Interessen in langwierigen Vertragsverhandlungen durchboxt.<br><br><\/span><\/li>\n<li><strong>Vertragspr\u00fcfung und -gestaltung:<\/strong><span> Umfassende Pr\u00fcfung und clevere Gestaltung von Vertr\u00e4gen und aufeinander abgestimmte AGBs in Deutsch, Englisch und Italienisch.<br><br><\/span><\/li>\n<li><strong><span>Compliance Beratung und Compliance L\u00f6sungen:<\/span><span> <\/span><\/strong>Beratung, Schulung und Implementierung von Compliance-Strukturen sowie Compliance-L\u00f6sungen zum Schutz Ihres Unternehmens vor Reputationssch\u00e4den und pers\u00f6nlicher Haftung<\/li>\n<\/ul>\n<\/div>","seoarea4heading.Content":"Ihr Schnittstellen-Anwalt f\u00fcr Legal & Compliance","seoarea4text.Content":"<p><span>Compliance muss positiv konnotiert sein: Mit einer Philosophie einer modernen Compliance Kultur gelebt mit einem positiven tone-from-the-top. Gemeinsam bringen wir Ihre Compliance-Strategien auf ein neues Level und machen sie unternehmensintern sowie in ihrer Au\u00dfendarstellung zu Ihrem Wettbewerbsvorteil. Als international erfahrener Negotiator und Experte an der Schnittstelle von Legal &amp; Compliance unterst\u00fctze ich Ihr Unternehmen effektiv und effizient bei allen rechtlichen Anforderungen - von A wie AGB \u00fcber D wie Due Diligence bis Z Zollrecht.<\/span><\/p>\n<p><span>Ich arbeite nach dem KISS-Prinzip und bin bestrebt, Risikominimierung durch Compliance und betriebswirtschaftliche Gewinninteressen zu harmonisieren. Mit meiner im Ausland erworbenen interkulturellen Kompetenz sowie meiner F\u00e4higkeit zur klaren und empathischen Kommunikation, sorge ich daf\u00fcr, dass juristische Themen verst\u00e4ndlich und transparent behandelt werden.<\/span><\/p>\n<p><span>Durch unkonventionelles Denken Out-of-the-Box und meine als Inhouse Counsel sowie als Wirtschaftsanwalt im europ\u00e4ischen Ausland erworbenen fachlichen Kompetenz biete ich Ihnen ma\u00dfgeschneiderte L\u00f6sungen, die \u00fcber den Tellerrand hinausgehen. Kontaktieren Sie mich, um Compliance als strategischen Vorteil f\u00fcr Ihr Unternehmen zu nutzen.<\/span><\/p>","05g_seoarea_enabled.Value":"true","06_gallery_related1.gallery_related.TypeEntityName":"rechtsgebiete","06_gallery_related1.gallery_related.SubHeading":"Recht f\u00fcr Sie","06_gallery_related1.gallery_related.Heading":"Bereiche","06_gallery_related1.background_image.Id":350,"06_gallery_related1.gallery_related.ButtonCtaText":"Kontakt","06_gallery_related1.gallery_related.ButtonCtaUrl":"\/kanzlei\/kontakt","gallery_related1_filterable_tabs_enabled.Value":"false","06_gallery_related1_enabled.Value":"true","06_gallery_related2.gallery_related.TypeEntityName":"dienstleistungen","06_gallery_related2.gallery_related.SubHeading":"Rund um Ihr Recht","06_gallery_related2.gallery_related.Heading":"Unsere Dienstleistungen","06_gallery_related2.background_image.Id":351,"06_gallery_related2.gallery_related.ButtonCtaText":"Termin vereinbaren","06_gallery_related2.gallery_related.ButtonCtaUrl":"\/kanzlei\/kontakt","06_gallery_related2_enabled.Value":"true","06_gallery_related3.gallery_related.TypeEntityName":"rechtsanwaelte","06_gallery_related3.gallery_related.SubHeading":"Individuelle Beratung","06_gallery_related3.background_image.Id":349,"06_gallery_related3.gallery_related.ButtonCtaText":"Termin vereinbaren","06_gallery_related3.gallery_related.ButtonCtaUrl":"\/kanzlei\/kontakt","06_gallery_related3.gallery_related.Heading":"\u00dcber uns","06_gallery_related3_enabled.Value":"true","06_gallery_related4.gallery_related.EnityId":"","06_gallery_related4.gallery_related.SubHeading":"","06_gallery_related4.gallery_related.Heading":"","06_gallery_related4.background_image.Id":"","06_gallery_related4.gallery_related.ButtonCtaText":"","06_gallery_related4.gallery_related.ButtonCtaUrl":"","06_gallery_related4_enabled.Value":"","06_gallery_related5.gallery_related.EnityId":"","06_gallery_related5.gallery_related.SubHeading":"","06_gallery_related5.gallery_related.Heading":"","06_gallery_related5.background_image.Id":"","06_gallery_related5.gallery_related.ButtonCtaText":"","06_gallery_related5.gallery_related.ButtonCtaUrl":"","06_gallery_related5_enabled.Value":"","instagram_feed.Content":"","toc_heading.Content":"true","heading_call_to_action.Content":"Jetzt Anfrage stellen","subheading_call_to_action.Content":"Wir beraten Sie gerne umfassend und pers\u00f6nlich bei Ihrem Anliegen.","cta_call_to_action.Attribute":"Kontakt","cta_call_to_action.Value":"\/kontakt","call_to_action_video_enabled.Value":"","video_call_to_action_youtube_url.Value":"","video_call_to_action_youtube_url2.Value":"","06a_home_call_to_action.image_call_to_action.Id":352,"06a_home_call_to_action_enabled.Value":"true","benefit1_call_to_action.Content":"true","benefit2_call_to_action.Content":"true","benefit3_call_to_action.Content":"true","benefit4_call_to_action.Content":"true","footer_contact_address.Content":"<div>Eupener Stra\u00dfe 59<br>D-50933 K\u00f6ln<br><strong>Telefon:\u00a0<br><\/strong><a href=\"tel:+4922142482831\">0221-42482831<br><\/a><strong>Telefon:\u00a0<br><\/strong><a href=\"tel:+491712211612\">0171-2211612<\/a><\/div>\n<div><strong>E-Mail:<br><\/strong><a href=\"mailto:anwalt@geissler-legal.de\">anwalt@geissler-legal.de<\/a><strong><br><\/strong><\/div>","footer_e-mail.Value":"mailto:geissler@legaltrinity.de","footer_calendly_url.Value":"https:\/\/calendly.com\/geissler-legaltrinity\/30min?primary_color=0200ff","footer_contact_form_from_email.Attribute":"OMmatic","linkedin.Value":"https:\/\/www.linkedin.com\/in\/roman-bosco-geissler-800224143\/","linkedin_enabled.Value":"true","instagram_enabled.Value":"","whatsapp_enabled.Value":"false","whatsapp_number.Value":"https:\/\/wa.me\/","06_gallery_footer1.gallery_related.TypeEntityName":"rechtsgebiete","06_gallery_footer1.gallery_related.Heading":"Bereiche","06_gallery_footer2.gallery_related.TypeEntityName":"dienstleistungen","footer_subheading_contact_form.Content":"Ihre Kanzlei Gei\u00dfler Legal. Immer f&uuml;r Sie da","instagram_url.Value":"","footer_e-mail.Attribute":"","footer_telephone.Attribute":"+49 221 42482831","footer_telephone.Value":"tel:+4922142482831","footer_opening_hours.Content":"Mo-Sa: 10:00 \u2013 13:00 Uhr<br>Mo-Fr: 14:00 \u2013 20:00 Uhr\u00a0<br>und nach telefonischer Vereinbarung","footer_contact_form_enabled.Value":"true","footer_heading_contact_form.Content":"Kontakt","footer_contact_form_name_text.Content":"Ihr Name","footer_contact_form_message_text.Content":"Ihre Nachricht","footer_contact_form_mail_text.Content":"ihre@email.com","footer_contact_form_heading.Content":"Kontakt","footer_contact_form_button_text.Content":"Absenden","footer_contact_form_phone_text.Content":"Telefonnummer","06_gallery_footer3.gallery_related.TypeEntityName":"rechtsanwaelte","07_footer.fachanwalt_de_logo.Id":355,"07_footer.juraforum_de_logo.Id":353,"07_footer.experten_branchenbuch_de_logo.Id":354,"footer_opening_hours_heading.Content":"Gesch\u00e4ftszeiten","footer_contact_form_mailto.Value":"anwalt@geissler-legal.de","footer_contact_form_subject.Content":"Nachricht von der Webseite geissler-legal.de","footer_contact_form_bcc.Value":"","footer_contact_form.Value":"1","footer_contact_form_posturl.Value":"","experten_branchenbuch_de_url.Value":"","juraforum_de_url.Value":"","fachanwalt_de_url.Value":"","07_footer.background_image.Id":356,"footer_contact_form_from_email.Value":"marketing@ommatic.de","06_gallery_footer3.gallery_related.Heading":"Rechtsanwalt","06_gallery_footer2.gallery_related.Heading":"Dienstleistungen","footer_address_heading.Content":"Adresse","emergency_number_heading.Content":"Gerne f\u00fcr Sie erreichbar","emergency_number.Attribute":"0221 - 42482831","emergency_number.Value":"tel:+4922142482831","facebook.Value":"","facebook_enabled.Value":"false","einbock_eintraege_enabled.Value":"false","instagram_url.Attribute":"instagram_url","tb-uid":"3743"},"aioseo_notices":[],"_links":{"self":[{"href":"https:\/\/geissler-legal.de\/it\/wp-json\/wp\/v2\/pages\/441","targetHints":{"allow":["GET"]}}],"collection":[{"href":"https:\/\/geissler-legal.de\/it\/wp-json\/wp\/v2\/pages"}],"about":[{"href":"https:\/\/geissler-legal.de\/it\/wp-json\/wp\/v2\/types\/page"}],"author":[{"embeddable":true,"href":"https:\/\/geissler-legal.de\/it\/wp-json\/wp\/v2\/users\/1"}],"replies":[{"embeddable":true,"href":"https:\/\/geissler-legal.de\/it\/wp-json\/wp\/v2\/comments?post=441"}],"version-history":[{"count":1,"href":"https:\/\/geissler-legal.de\/it\/wp-json\/wp\/v2\/pages\/441\/revisions"}],"predecessor-version":[{"id":157687,"href":"https:\/\/geissler-legal.de\/it\/wp-json\/wp\/v2\/pages\/441\/revisions\/157687"}],"wp:featuredmedia":[{"embeddable":true,"href":"https:\/\/geissler-legal.de\/it\/wp-json\/wp\/v2\/media\/361"}],"wp:attachment":[{"href":"https:\/\/geissler-legal.de\/it\/wp-json\/wp\/v2\/media?parent=441"}],"curies":[{"name":"wp","href":"https:\/\/api.w.org\/{rel}","templated":true}]}}