{"id":475,"date":"0001-01-01T00:53:28","date_gmt":"0001-01-01T00:00:00","guid":{"rendered":"https:\/\/geissler-legal.de\/online-beratungsraum\/"},"modified":"2026-04-08T11:06:38","modified_gmt":"2026-04-08T09:06:38","slug":"sala-di-consulenza-online","status":"publish","type":"page","link":"https:\/\/geissler-legal.de\/it\/online-beratungsraum\/","title":{"rendered":"Sala di consulenza online"},"content":{"rendered":"","protected":false},"excerpt":{"rendered":"","protected":false},"author":1,"featured_media":425,"parent":0,"menu_order":0,"comment_status":"closed","ping_status":"closed","template":"","meta":{"_acf_changed":false,"inline_featured_image":false,"footnotes":""},"class_list":["post-475","page","type-page","status-publish","has-post-thumbnail","hentry"],"acf":{"header_address.Content":"","header_opening_hours.Content":"","header_phone_number.Content":"","child_entity.Value":"","001_page_meta.page_image10.Id":11,"001_page_meta.page_image9.Id":11,"001_page_meta.page_image8.Id":11,"001_page_meta.page_image7.Id":11,"001_page_meta.page_image6.Id":11,"001_page_meta.page_image5.Id":11,"001_page_meta.page_image4.Id":11,"001_page_meta.page_image3.Id":11,"001_page_meta.page_image2.Id":11,"001_page_meta.page_image1.Id":11,"0001_website_meta.site_logo.Id":5441,"galleries_enabled.Value":"true","multi_language_maps_enabled.Value":"false","001_page_meta.featured_image_mobile.Id":425,"001_page_meta.featured_image.Id":426,"001_page_meta.content_image_3.Id":"","001_page_meta.content_image_2.Id":"","001_page_meta.content_image_1.Id":"","parent_entity.Value":"","type_entity.Value":"","0001_website_meta.site_logo_inverted.Id":null,"02_hero_content.hero_image3.Id":"","02_hero_content.image_hero_content3.Id":null,"02_hero_content.image_hero_content2.Id":null,"02_hero_content.image_hero_content1.Id":null,"heading_hero_benefit3.Content":"","heading_hero_benefit2.Content":"","heading_hero_benefit1.Content":"","heading_hero_slider.Content":"","02_hero_content.hero_image8.Id":"","02_hero_content.hero_image7.Id":"","02_hero_content.hero_image6.Id":"","02_hero_content.hero_image5.Id":"","02_hero_content.hero_image4.Id":"","top_heading_hero.Content":"Gei\u00dfler Legal - Kanzlei f\u00fcr Compliance & internationales Wirtschaftsrecht","02_hero_content.hero_image2.Id":"","02_hero_content.hero_image1.Id":"","hero_content_form_benefit2.Content":"","hero_content_form_benefit1.Content":"","hero_content_form_benefit3.Content":"","hero_content_form.Value":"","hero_gallery_enabled.Value":"false","main_heading_hero_cta.Value":"\/kontakt","main_heading_hero_cta.Attribute":"Kontakt","sub_heading_hero.Content":"Compliance optimierte Rechtsberatung f\u00fcr Ihre Gesch\u00e4ftst\u00e4tigkeit - ganzheitlich, l\u00e4nder\u00fcbergreifend, kosteneffizient.","main_heading_hero.Content":"Unternehmer Schnelltest","subheading_contact_form.Content":"Ihre Kanzlei Gei\u00dfler Legal.","contact_area_contact_form_phone_text.Content":"","contact_area_contact_form_name_text.Content":"","contact_area_contact_form_message_text.Content":"","contact_area_contact_form_mail_text.Content":"","contact_area_contact_form_button_text.Content":"","contact_form.Value":"1","contact_address.Content":"<div>Gertrudenstr. 30-36 (Willy-Millowitsch-Platz)<\/div>\r\n<div>50667 K\u00f6ln<\/div>","opening_hours.Content":"Nach pers\u00f6nlicher Vereinbarung","map.Value":"","heading_contact_form.Content":"<div>Kontakt<\/div>","telephone.Value":"tel:\/\/+4922165076006","e-mail.Value":"mailto:geissler@legaltrinity.de","e-mail.Attribute":"geissler@legaltrinity.de","calendly_enabled.Value":"false","contact_image_enabled.Value":"","contact_maps_enabled.Value":"","calendly_url.Value":"","calendly_url.Attribute":"","online_form_name.Content":"<div>Formular<\/div>","online_form_source.Value":"[wpforms id=\"18293\"]","testimonial3_customer.Content":"","04_social_proof.testimonial1_image.Id":"","04_social_proof.testimonial2_image.Id":"","04_social_proof.testimonial3_image.Id":"","04_social_proof.google_places_review_image.Id":"","04_social_proof.social_proof_background_image.Id":"","heading_social_proof.Content":"","google_places_id2.Value":"","google_places_id.Value":"","testimonial1_customer.Content":"","testimonial1_text.Content":"","testimonial2_customer.Content":"","testimonial3_text.Content":"","testimonial2_text.Content":"","custom_reviews_enabled.Value":"","anwalt_de_widgetcode.Value":"","anwalt_de_enabled.Value":"","google_places_enabled.Value":"","google_places_reviews_enabled2.Value":"","google_places_reviews_enabled.Value":"","google_places_review_url2.Value":"","subheading_social_proof.Content":"","google_places_review_url.Value":"","social_proof_enabled.Value":"true","social_proof_disclaimer.Content":"","benefit_1_text.Content":"","05a_benefit_area.benefit_3_image.Id":"","05a_benefit_area.benefit_2_image.Id":"","05a_benefit_area.benefit_1_image.Id":"","05a_benefit_area_enabled.Value":"true","benefit_heading_enabled.value":"false","benefit_heading.Content":"","benefit_3_text.Content":"","benefit_3_heading.Content":"","benefit_3_icon.Id":"","benefit_2_text.Content":"","benefit_2_heading.Content":"","benefit_2_icon.Id":"","benefit_1_icon.Id":"","benefit_1_heading.Content":"","benefit_1_widgetcode.Content":"","benefit_2_widgetcode.Content":"","benefit_3_widgetcode.Content":"","intro_heading.Content":"Hier zum Schnelltest f\u00fcr Unternehmer: 7 Fragen, 7 Antworten","intro_text.Content":"","intro_gallery_enabled.Value":"false","05a_content_intro_enabled.Value":"true","overview_heading.Content":"","overview_text.Content":"","overview_cta_lead_in.Content":"","overview_cta.Attribute":"Kontakt","overview_cta.Value":"\/kontakt","05b_content_overview_enabled.Value":"false","detail_heading_opt2.Content":"NO_SHOW","05c_content_detail.image_product5.Id":"","detail_text_opt2.Content":"NO_SHOW","detail_call_to_action_enabled.Value":"false","detail_slider_enabled.Value":"false","detail_heading.Content":"","detail_text.Content":"","detail_cta_lead_in.Content":"","detail_cta.Attribute":"Kontakt","detail_cta.Value":"\/kontakt","detail_heading_opt1.Content":"NO_SHOW","detail_text_opt1.Content":"NO_SHOW","detail_cta_lead_in_opt1.Content":"NO_SHOW","detail_cta_opt1.Attribute":"NO_SHOW","detail_cta_opt1.Value":"NO_SHOW","05c_content_detail.image_person_slider3.Id":"","05c_content_detail_enabled.Value":"false","detail_cta_lead_in_opt2.Content":"NO_SHOW","detail_cta_opt2.Attribute":"NO_SHOW","detail_cta_opt2.Value":"NO_SHOW","detail_heading_opt3.Content":"NO_SHOW","detail_text_opt3.Content":"NO_SHOW","detail_cta_lead_in_opt3.Content":"NO_SHOW","05c_content_detail.image_product1.Id":"","detail_cta_opt3.Attribute":"NO_SHOW","05c_content_detail.image_product2.Id":"","detail_cta_opt3.Value":"NO_SHOW","05c_content_detail.image_product3.Id":"","detail_heading_opt4.Content":"NO_SHOW","05c_content_detail.image_product4.Id":"","detail_cta_opt6.Attribute":"NO_SHOW","detail_cta_lead_in_opt4.Content":"NO_SHOW","detail_cta_opt4.Attribute":"NO_SHOW","05c_content_detail.image_product6.Id":"","05c_content_detail.image_product7.Id":"","detail_cta_opt4.Value":"NO_SHOW","05c_content_detail.image_product8.Id":"","05c_content_detail.image_product9.Id":"","detail_heading_opt5.Content":"NO_SHOW","detail_text_opt5.Content":"NO_SHOW","detail_cta_lead_in_opt5.Content":"NO_SHOW","detail_cta_opt5.Attribute":"NO_SHOW","detail_cta_opt5.Value":"NO_SHOW","detail_heading_opt6.Content":"NO_SHOW","detail_text_opt6.Content":"NO_SHOW","detail_cta_opt6.Value":"NO_SHOW","detail_text_opt4.Content":"NO_SHOW","05c_content_detail.image_staff_1.Id":"","05c_content_detail.image_staff_2.Id":"","05c_content_detail.image_staff_3.Id":"","05c_content_detail.image_staff_4.Id":"","05c_content_detail.image_staff_5.Id":"","05c_content_detail.image_staff_6.Id":"","05c_content_detail.image_person_slider1.Id":"","05c_content_detail.image_office.Id":"","detail_cta_lead_in_opt6.Content":"NO_SHOW","05c_content_detail.image_person_slider4.Id":"","05c_content_detail.image_person.Id":"","05c_content_detail.image_person_slider2.Id":"","competence_heading.Content":"","competence_text.Content":"","competence_cta_lead_in.Content":"","competence_cta.Attribute":"Kontakt","competence_cta.Value":"\/kontakt","05d_content_competence_enabled.Value":"false","05d_content_competence.competence_image1.Id":"","05d_content_competence.competence_image2.Id":"","services_heading.Content":"","services_text.Content":"","services_cta_lead_in.Content":"","services_cta.Attribute":"Kontakt","services_cta.Value":"\/kontakt","05e_content_services_enabled.Value":"false","faq_heading.Content":"","question2.Content":"","question3.Content":"","question4.Content":"","question5.Content":"","question6.Content":"","question7.Content":"","question8.Content":"","question9.Content":"","question10.Content":"","question1.Content":"","answer10.Content":"","answer3.Content":"","answer4.Content":"","answer5.Content":"","answer6.Content":"","answer7.Content":"","answer8.Content":"","answer9.Content":"","answer1.Content":"","answer2.Content":"","05f_questions_and_answers_enabled.Value":"false","seoarea1heading.Content":"","seoarea1text.Content":"","seoarea2heading.Content":"","seoarea2text.Content":"","seoarea3heading.Content":"","seoarea3text.Content":"","seoarea4heading.Content":"","seoarea4text.Content":"","05g_seoarea_enabled.Value":"true","06_gallery_related1.gallery_related.TypeEntityName":"","06_gallery_related1.gallery_related.SubHeading":"","06_gallery_related1.gallery_related.Heading":"","06_gallery_related1.background_image.Id":349,"06_gallery_related1.gallery_related.ButtonCtaText":"","06_gallery_related1.gallery_related.ButtonCtaUrl":"","gallery_related1_filterable_tabs_enabled.Value":"false","06_gallery_related1_enabled.Value":"false","06_gallery_related2.gallery_related.TypeEntityName":"","06_gallery_related2.gallery_related.SubHeading":"","06_gallery_related2.gallery_related.Heading":"","06_gallery_related2.background_image.Id":349,"06_gallery_related2.gallery_related.ButtonCtaText":"","06_gallery_related2.gallery_related.ButtonCtaUrl":"","06_gallery_related2_enabled.Value":"false","06_gallery_related3.gallery_related.TypeEntityName":"","06_gallery_related3.gallery_related.SubHeading":"","06_gallery_related3.background_image.Id":349,"06_gallery_related3.gallery_related.ButtonCtaText":"","06_gallery_related3.gallery_related.ButtonCtaUrl":"","06_gallery_related3.gallery_related.Heading":"","06_gallery_related3_enabled.Value":"false","06_gallery_related4.gallery_related.EnityId":"","06_gallery_related4.gallery_related.SubHeading":"","06_gallery_related4.gallery_related.Heading":"","06_gallery_related4.background_image.Id":"","06_gallery_related4.gallery_related.ButtonCtaText":"","06_gallery_related4.gallery_related.ButtonCtaUrl":"","06_gallery_related4_enabled.Value":"","06_gallery_related5.gallery_related.EnityId":"","06_gallery_related5.gallery_related.SubHeading":"","06_gallery_related5.gallery_related.Heading":"","06_gallery_related5.background_image.Id":"","06_gallery_related5.gallery_related.ButtonCtaText":"","06_gallery_related5.gallery_related.ButtonCtaUrl":"","06_gallery_related5_enabled.Value":"","instagram_feed.Content":"","toc_heading.Content":"true","heading_call_to_action.Content":"Jetzt Anfrage stellen","subheading_call_to_action.Content":"Wir beraten Sie gerne umfassend und pers\u00f6nlich bei Ihrem Anliegen.","cta_call_to_action.Attribute":"Kontakt","cta_call_to_action.Value":"\/kontakt","call_to_action_video_enabled.Value":"","video_call_to_action_youtube_url.Value":"","video_call_to_action_youtube_url2.Value":"","06a_home_call_to_action.image_call_to_action.Id":352,"06a_home_call_to_action_enabled.Value":"true","benefit1_call_to_action.Content":"true","benefit2_call_to_action.Content":"true","benefit3_call_to_action.Content":"true","benefit4_call_to_action.Content":"true","footer_contact_address.Content":"<div>Eupener Stra\u00dfe 59<br>D-50933 K\u00f6ln<br><strong>Telefon:\u00a0<br><\/strong><a href=\"tel:+4922142482831\">0221-42482831<br><\/a><strong>Telefon:\u00a0<br><\/strong><a href=\"tel:+491712211612\">0171-2211612<\/a><\/div>\n<div><strong>E-Mail:<br><\/strong><a href=\"mailto:anwalt@geissler-legal.de\">anwalt@geissler-legal.de<\/a><strong><br><\/strong><\/div>","footer_e-mail.Value":"mailto:geissler@legaltrinity.de","footer_calendly_url.Value":"https:\/\/calendly.com\/geissler-legaltrinity\/30min?primary_color=0200ff","footer_contact_form_from_email.Attribute":"OMmatic","linkedin.Value":"https:\/\/www.linkedin.com\/in\/roman-bosco-geissler-800224143\/","linkedin_enabled.Value":"true","instagram_enabled.Value":"","whatsapp_enabled.Value":"false","whatsapp_number.Value":"https:\/\/wa.me\/","06_gallery_footer1.gallery_related.TypeEntityName":"rechtsgebiete","06_gallery_footer1.gallery_related.Heading":"Rechtsgebiete","06_gallery_footer2.gallery_related.TypeEntityName":"dienstleistungen","footer_subheading_contact_form.Content":"Ihre Kanzlei Gei\u00dfler Legal.","instagram_url.Value":"","footer_e-mail.Attribute":"","footer_telephone.Attribute":"+49 221 42482831","footer_telephone.Value":"tel:+4922142482831","footer_opening_hours.Content":"Mo-Sa: 10:00 \u2013 13:00 Uhr<br>Mo-Fr: 14:00 \u2013 20:00 Uhr\u00a0<br>und nach telefonischer Vereinbarung","footer_contact_form_enabled.Value":"true","footer_heading_contact_form.Content":"Kontakt","footer_contact_form_name_text.Content":"Ihr Name","footer_contact_form_message_text.Content":"Ihre Nachricht","footer_contact_form_mail_text.Content":"ihre@email.com","footer_contact_form_heading.Content":"Kontakt","footer_contact_form_button_text.Content":"Absenden","footer_contact_form_phone_text.Content":"Telefonnummer","06_gallery_footer3.gallery_related.TypeEntityName":"rechtsanwaelte","07_footer.fachanwalt_de_logo.Id":355,"07_footer.juraforum_de_logo.Id":353,"07_footer.experten_branchenbuch_de_logo.Id":354,"footer_opening_hours_heading.Content":"Gesch\u00e4ftszeiten","footer_contact_form_mailto.Value":"anwalt@geissler-legal.de","footer_contact_form_subject.Content":"Nachricht von der Webseite geissler-legal.de","footer_contact_form_bcc.Value":"","footer_contact_form.Value":"1","footer_contact_form_posturl.Value":"","experten_branchenbuch_de_url.Value":"","juraforum_de_url.Value":"","fachanwalt_de_url.Value":"","07_footer.background_image.Id":356,"footer_contact_form_from_email.Value":"marketing@ommatic.de","06_gallery_footer3.gallery_related.Heading":"Rechtsanwalt","06_gallery_footer2.gallery_related.Heading":"Dienstleistungen","footer_address_heading.Content":"Adresse","emergency_number_heading.Content":"Gerne f\u00fcr Sie erreichbar","emergency_number.Attribute":"0221 - 42482831","emergency_number.Value":"tel:+4922142482831","facebook.Value":"","facebook_enabled.Value":"false","einbock_eintraege_enabled.Value":"false","instagram_url.Attribute":"instagram_url","tb-uid":"4833"},"aioseo_notices":[],"_links":{"self":[{"href":"https:\/\/geissler-legal.de\/it\/wp-json\/wp\/v2\/pages\/475","targetHints":{"allow":["GET"]}}],"collection":[{"href":"https:\/\/geissler-legal.de\/it\/wp-json\/wp\/v2\/pages"}],"about":[{"href":"https:\/\/geissler-legal.de\/it\/wp-json\/wp\/v2\/types\/page"}],"author":[{"embeddable":true,"href":"https:\/\/geissler-legal.de\/it\/wp-json\/wp\/v2\/users\/1"}],"replies":[{"embeddable":true,"href":"https:\/\/geissler-legal.de\/it\/wp-json\/wp\/v2\/comments?post=475"}],"version-history":[{"count":1,"href":"https:\/\/geissler-legal.de\/it\/wp-json\/wp\/v2\/pages\/475\/revisions"}],"predecessor-version":[{"id":157742,"href":"https:\/\/geissler-legal.de\/it\/wp-json\/wp\/v2\/pages\/475\/revisions\/157742"}],"wp:featuredmedia":[{"embeddable":true,"href":"https:\/\/geissler-legal.de\/it\/wp-json\/wp\/v2\/media\/425"}],"wp:attachment":[{"href":"https:\/\/geissler-legal.de\/it\/wp-json\/wp\/v2\/media?parent=475"}],"curies":[{"name":"wp","href":"https:\/\/api.w.org\/{rel}","templated":true}]}}